{"id":12,"date":"2018-04-14T10:24:56","date_gmt":"2018-04-14T08:24:56","guid":{"rendered":"http:\/\/bdi.stv-chaville.fr\/?page_id=12"},"modified":"2025-08-05T16:40:56","modified_gmt":"2025-08-05T14:40:56","slug":"les-publications","status":"publish","type":"page","link":"https:\/\/bdi.stv-chaville.fr\/index.php\/les-publications\/","title":{"rendered":"Les publications"},"content":{"rendered":"<h2><span style=\"color: #0000ff;\"><strong>Les guides de l&rsquo;ONISEP :<\/strong><\/span><\/h2>\n<p><a href=\"https:\/\/bdi.stv-chaville.fr\/index.php\/les-publications\/guide_apres_3e_2025\/\" rel=\"attachment wp-att-313\">GUIDE_APRES_3eme_2025<\/a><\/p>\n<p><a href=\"https:\/\/bdi.stv-chaville.fr\/index.php\/les-publications\/guide_apres_bac_rentree_2025\/\" rel=\"attachment wp-att-315\">GUIDE_APRES_BAC_RENTREE_2025<\/a><\/p>\n<p><a href=\"https:\/\/bdi.stv-chaville.fr\/index.php\/les-publications\/idf_carnetadresses_guide_apres_bac25_dp_secu\/\" rel=\"attachment wp-att-314\">IDF_CarnetAdresses_GUIDE_APRES_BAC25<\/a><\/p>\n<p>Les guides disponibles ci-dessous sont ceux pour l&rsquo;acad\u00e9mie de Versailles. Vous trouverez les \u00e9ditions pour les autres acad\u00e9mies sur le site de <a href=\"https:\/\/www.onisep.fr\/\">l&rsquo;ONISEP<\/a>.<\/p>\n<h2><strong><span style=\"color: #0000ff;\">Les sites officiels \u00e0 consulter:<\/span><\/strong><\/h2>\n<ul>\n<li>\n<h3><a href=\"http:\/\/www.onisep.fr\/\">ONISEP<\/a>\u00a0Toute l&rsquo;information sur les m\u00e9tiers et les formations<\/h3>\n<\/li>\n<li>\n<h3><a href=\"https:\/\/www.horizons21.fr\/\">HORIZON21<\/a> \u00a0<strong>Au lyc\u00e9e, construisez vos choix de sp\u00e9cialit\u00e9s<\/strong><\/h3>\n<\/li>\n<li>\n<h3><a href=\"https:\/\/oriane.info\/\">ORIANE <\/a>L\u2019orientation et l\u2019insertion tout au long de la vie en \u00cele-de-France<\/h3>\n<\/li>\n<li>\n<h3><a href=\"http:\/\/www.parcoursup.fr\/\">Parcoursup <\/a>Plateforme d&rsquo;admission dans l&rsquo;enseignement sup\u00e9rieur<\/h3>\n<\/li>\n<\/ul>\n ","protected":false},"excerpt":{"rendered":"<p>Les guides de l&rsquo;ONISEP : GUIDE_APRES_3eme_2025 GUIDE_APRES_BAC_RENTREE_2025 IDF_CarnetAdresses_GUIDE_APRES_BAC25 Les guides disponibles ci-dessous sont ceux pour l&rsquo;acad\u00e9mie de Versailles. Vous trouverez les \u00e9ditions pour les autres acad\u00e9mies sur le site de l&rsquo;ONISEP. Les sites officiels \u00e0 consulter: ONISEP\u00a0Toute l&rsquo;information sur les m\u00e9tiers et les formations HORIZON21 \u00a0Au lyc\u00e9e, construisez vos choix de sp\u00e9cialit\u00e9s ORIANE L\u2019orientation et<\/p><\/div>\n<div class=\"blog-btn\"><a href=\"https:\/\/bdi.stv-chaville.fr\/index.php\/les-publications\/\" class=\"home-blog-btn\">Lire la suite<\/a><\/p>\n","protected":false},"author":1,"featured_media":0,"parent":0,"menu_order":0,"comment_status":"closed","ping_status":"closed","template":"","meta":{"footnotes":""},"class_list":["post-12","page","type-page","status-publish","hentry"],"_links":{"self":[{"href":"https:\/\/bdi.stv-chaville.fr\/index.php\/wp-json\/wp\/v2\/pages\/12","targetHints":{"allow":["GET"]}}],"collection":[{"href":"https:\/\/bdi.stv-chaville.fr\/index.php\/wp-json\/wp\/v2\/pages"}],"about":[{"href":"https:\/\/bdi.stv-chaville.fr\/index.php\/wp-json\/wp\/v2\/types\/page"}],"author":[{"embeddable":true,"href":"https:\/\/bdi.stv-chaville.fr\/index.php\/wp-json\/wp\/v2\/users\/1"}],"replies":[{"embeddable":true,"href":"https:\/\/bdi.stv-chaville.fr\/index.php\/wp-json\/wp\/v2\/comments?post=12"}],"version-history":[{"count":23,"href":"https:\/\/bdi.stv-chaville.fr\/index.php\/wp-json\/wp\/v2\/pages\/12\/revisions"}],"predecessor-version":[{"id":329,"href":"https:\/\/bdi.stv-chaville.fr\/index.php\/wp-json\/wp\/v2\/pages\/12\/revisions\/329"}],"wp:attachment":[{"href":"https:\/\/bdi.stv-chaville.fr\/index.php\/wp-json\/wp\/v2\/media?parent=12"}],"curies":[{"name":"wp","href":"https:\/\/api.w.org\/{rel}","templated":true}]}}