{"id":128,"date":"2018-09-09T15:55:27","date_gmt":"2018-09-09T13:55:27","guid":{"rendered":"http:\/\/bdi.stv-chaville.fr\/?page_id=128"},"modified":"2025-09-19T15:11:18","modified_gmt":"2025-09-19T13:11:18","slug":"prendre-rendez-vous","status":"publish","type":"page","link":"https:\/\/bdi.stv-chaville.fr\/index.php\/prendre-rendez-vous\/","title":{"rendered":"Prendre rendez-vous"},"content":{"rendered":"<p><span style=\"color: #ff6600;\">Les permanences du BDI reprendront le jeudi 2 octobre 2025. <\/span><\/p>\n<p><span style=\"color: #ff6600;\">Vous pouvez nous contacter par mail : bdi@stv-chaville.fr<\/span><\/p>\n<p>Merci de s\u00e9lectionner :<\/p>\n<ul>\n<li><strong>Entretien<\/strong>: vous souhaitez avoir un \u00e9change personnalis\u00e9 avec un intervenant du BDI pour vous accompagner dans votre r\u00e9flexion (pr\u00e9voir environ 30 min)<\/li>\n<\/ul>\n<p>Vous recevrez un mail de confirmation d\u00e8s votre r\u00e9servation termin\u00e9e.<\/p>\n <style type=\"text\/css\">.bup-front-cont .bup-book-steps-cont .bup-cart-step-active{background-color:#E55237 !important}  ul.bup-time-slots-available-list .bup-button{background-color:#E55237 !important}  .bup-button-submit{background-color:#E55237 !important}   <\/style>\n<div class=\"bup-front-cont\">\n\n  <div class=\"bup-filter-header\" id=\"up-filter-header\">\n  \n  \n       \n         <div class=\"bup-book-steps-cont\" id=\"bup-book-steps-cont\">\n    \n    \t\n        <div class=\"bup-book-step1 bup-steps\">\n        \t\t\n                <div class=\"bup-cart-step-line-inactive\"><\/div>\n        \n        \t\t<div class=\"bup-cart-step-active bup-move-steps\" id=\"bup-step-rounded-1\">1<\/div>\n                <div class=\"bup-cart-step-text-active\">Prestation<\/div>\n        \n        <\/div>\n        \n        <div class=\"bup-book-step2 bup-steps\">\n        \n        \n            \t<div class=\"bup-cart-step-line-inactive\"><\/div>\n        \n        \t\t<div class=\"bup-cart-step-inactive bup-move-steps\" id=\"bup-step-rounded-2\">2<\/div>\n                  <div class=\"bup-cart-step-text-inactive\">Heure<\/div>\n        \n        <\/div>\n        \n        <div class=\"bup-book-step3 bup-steps\">\n        \n        \t    <div class=\"bup-cart-step-line-inactive\"><\/div>\n        \n        \t\t<div class=\"bup-cart-step-inactive bup-move-steps\" id=\"bup-step-rounded-3\">3<\/div>\n                  <div class=\"bup-cart-step-text-inactive\">Confirmation<\/div>\n        \n        <\/div>\n        \n        <div class=\"bup-book-step4 bup-steps\">\n        \n        \n        \t\t <div class=\"bup-cart-step-line-inactive\"><\/div>\n        \n        \t\t<div class=\"bup-cart-step-inactive bup-move-steps\" id=\"bup-step-rounded-4\">4<\/div>\n                <div class=\"bup-cart-step-text-inactive\">Merci<\/div>  \n        \n        \n        <\/div>\n    \n       \n    \n    <\/div>\n     \n     \n            \n      \n    \n    \n    \t<div class=\"bup-book-info-cont\" id=\"bup-book-info-cont-div\">\n        \n        \n           <div class=\"bup-book-info-text\" >\n           \n           \n           <\/div>\n           \n                       \n           \n                      \n           \n          \t            \n                   <div class=\"bup-book-info-block1 \" >\n                   \n                   \n                       <label>Choisir une Prestation<\/label>\n                   \n                      <select name=\"bup-category\" id=\"bup-category\"><option value=\"\" selected=\"selected\">Choisir une Prestation<\/option><optgroup label=\"Visite\" ><option value=\"4\"  >Rendez-vous individuel<\/option><\/optgroup><\/select>                   \n                   \n                   <\/div>    \n               \n              \n                             \n                              \n                      \n           <div class=\"bup-book-info-block1 \" >\n            \n             <label>A partir du (inclus)<\/label>\n              <input type=\"text\" class=\"bupro-datepicker\" id=\"bup-start-date\"  value=\"11\/04\/2026\"\/>       \n              \n                       \n           <\/div>\n           \n                      \n                    \t\n    \n        <\/div>\n        \n        \n        \n         <\/div>\n         \n          <div class=\"bup-nav-search-options-bar\" id=\"bup-steps-nav-buttons\" > \n          \n                   \n            <span class=\"bupbtnfind\"><button id=\"bup-btn-next-step1\" class=\"bup-button-submit\">Voir les disponibilit\u00e9s<\/button><\/span>\n         \n         <\/div>       \n        \n        \n        \n         <div class=\"bup-book-info-text\" id=\"bup-steps-cont-res\" >  \n         \n          <p >Choisissez la prestation, la date et le prestataire qui vous conviennent, puis cliquez sur le bouton <\/p>       \n           \n         <\/div>\n    \n    \n\n<\/div>\n\n \n \n  \n<input type=\"hidden\"  id=\"bup-custom-form-id\" name=\"bup-custom-form-id\" value=\"\" \/>\n\n<input type=\"hidden\"  id=\"bup-filter-id\" name=\"bup-filter-id\" value=\"\" \/>\n\n<input type=\"hidden\"  id=\"redirect_url\" name=\"redirect_url\" value=\"\" \/>\n<input type=\"hidden\"  id=\"field_legends\" name=\"field_legends\" value=\"yes\" \/>\n<input type=\"hidden\"  id=\"placeholders\" name=\"placeholders\" value=\"yes\" \/>\n<input type=\"hidden\"  id=\"template_id\" name=\"template_id\" value=\"1\" \/>\n<input type=\"hidden\"  id=\"bup_booking_form_type\" name=\"bup_booking_form_type\" value=\"\" \/>\n<input type=\"hidden\"  id=\"bup_cart_id\" name=\"bup_cart_id\" value=\"0\" \/>\n\n<input type=\"hidden\"  id=\"bup_user_timezone\" name=\"bup_user_timezone\" value=\"\" \/>\n\n\n<script type=\"text\/javascript\">\n\n\t\n\t\t\t\t\t\t \n \t\t\t  \n\t\n\n\n   \t  \n\t\t\n\t<\/script>\n \n ","protected":false},"excerpt":{"rendered":"<p>Les permanences du BDI reprendront le jeudi 2 octobre 2025. Vous pouvez nous contacter par mail : bdi@stv-chaville.fr Merci de s\u00e9lectionner : Entretien: vous souhaitez avoir un \u00e9change personnalis\u00e9 avec un intervenant du BDI pour vous accompagner dans votre r\u00e9flexion (pr\u00e9voir environ 30 min) Vous recevrez un mail de confirmation d\u00e8s votre r\u00e9servation termin\u00e9e.<\/p>\n","protected":false},"author":1,"featured_media":0,"parent":0,"menu_order":0,"comment_status":"closed","ping_status":"closed","template":"","meta":{"footnotes":""},"class_list":["post-128","page","type-page","status-publish","hentry"],"_links":{"self":[{"href":"https:\/\/bdi.stv-chaville.fr\/index.php\/wp-json\/wp\/v2\/pages\/128","targetHints":{"allow":["GET"]}}],"collection":[{"href":"https:\/\/bdi.stv-chaville.fr\/index.php\/wp-json\/wp\/v2\/pages"}],"about":[{"href":"https:\/\/bdi.stv-chaville.fr\/index.php\/wp-json\/wp\/v2\/types\/page"}],"author":[{"embeddable":true,"href":"https:\/\/bdi.stv-chaville.fr\/index.php\/wp-json\/wp\/v2\/users\/1"}],"replies":[{"embeddable":true,"href":"https:\/\/bdi.stv-chaville.fr\/index.php\/wp-json\/wp\/v2\/comments?post=128"}],"version-history":[{"count":15,"href":"https:\/\/bdi.stv-chaville.fr\/index.php\/wp-json\/wp\/v2\/pages\/128\/revisions"}],"predecessor-version":[{"id":333,"href":"https:\/\/bdi.stv-chaville.fr\/index.php\/wp-json\/wp\/v2\/pages\/128\/revisions\/333"}],"wp:attachment":[{"href":"https:\/\/bdi.stv-chaville.fr\/index.php\/wp-json\/wp\/v2\/media?parent=128"}],"curies":[{"name":"wp","href":"https:\/\/api.w.org\/{rel}","templated":true}]}}